{"id":13,"date":"2026-04-24T21:41:31","date_gmt":"2026-04-24T21:41:31","guid":{"rendered":"https:\/\/centrosoracionguadalupeint.com\/esp\/?page_id=13"},"modified":"2026-04-25T19:49:38","modified_gmt":"2026-04-25T19:49:38","slug":"la-mision-de-la-sociedad-de-nuestra-senora-de-guadalupe","status":"publish","type":"page","link":"http:\/\/centrosoracionguadalupeint.com\/esp\/la-mision-de-la-sociedad-de-nuestra-senora-de-guadalupe\/","title":{"rendered":"La Misi\u00f3n"},"content":{"rendered":"\n<p><\/p>\n\n\n\n<h2 class=\"wp-block-heading\">La Misi\u00f3n de la Sociedad de Nuestra Se\u00f1ora de Guadalupe.<\/h2>\n\n\n\n<p>La misi\u00f3n de la Sociedad de Nuestra Se\u00f1ora de Guadalupe es recibir, a trav\u00e9s de los diferentes Centros de oraci\u00f3n, a las personas que sufren una pena especial en el coraz\u00f3n y en el esp\u00edritu. Cada Centro de Oraci\u00f3n, mediante su propio carisma, estar presente para aquellos que sufren de enfermedades mentales, cuyas vidas est\u00e1n en confusi\u00f3n y debilidad personal y que llevan todas las marcas de la coronaci\u00f3n de espinas. Se esfuerza por escuchar con compasi\u00f3n y esperanza el grito de Jes\u00fas que resuena continuamente por toda la tierra en el profundo dolor y a menudo en la desesperanza de sus vidas.<\/p>\n\n\n\n<p>Tenemos por misi\u00f3n, entrar dentro del poder sanador de Jes\u00fas y volcarlo en aquellos que han sido f\u00edsica y mentalmente abusados, aquellos que han sido derrotados por la pena y el duelo, aquellos abandonados por su padre, su madre o por las personas encargadas de cuidarlos. Aquellos que sufren por las memorias del pasado y que paralizan su alma, aquellos que viven en la esclavitud de pecados ancestrales, aquellos esclavizados por la codependencia, en fin todos aquellos que vienen a nosotros y necesitan la intercesi\u00f3n de Mar\u00eda, el poder sanador del Esp\u00edritu, el b\u00e1lsamo sanador del auto conocimiento verdadero y la profunda compasi\u00f3n de su amigo Jes\u00fas.<\/p>\n\n\n\n<p>Deseamos estar disponibles para la direcci\u00f3n espiritual de las almas que buscan ir m\u00e1s all\u00e1 en su caminar con Cristo y Su constante gu\u00eda junto con la ayuda de Su Madre Mar\u00eda. Para aquellos que quieren entrar en una uni\u00f3n m\u00e1s profunda con Dios, su Padre amoroso y que desean tambi\u00e9n una sanaci\u00f3n m\u00e1s completa en su acompa\u00f1amiento con Jes\u00fas. Que anhelan darse cuenta de su propia val\u00eda y del inmenso amor que Dios les tiene y del deseo que ha puesto en ellos para que entreguen su vida en el servicio y en el amor cada vez m\u00e1s pleno hacia los dem\u00e1s.<\/p>\n\n\n\n<p>Nuestra Filosof\u00eda es facilitar el encuentro humano a trav\u00e9s de la escucha, la oraci\u00f3n, los sacramentos y el perd\u00f3n para que Jesucristo derrame su Esp\u00edritu Santo. Contribuimos a que cada miembro del cuerpo de Cristo crezca y favorezca un \u00e1mbito Cat\u00f3lico funcional y sano.<\/p>\n\n\n\n<p>Podemos ver a cada persona a la que atendemos florecer en su vida personal, familiar y social, en el servicio a su comunidad Cat\u00f3lica y en los \u00e1mbitos institucionales en los cuales se desempe\u00f1e.<\/p>\n\n\n\n<p>Cada Centro de Oraci\u00f3n es un \u201chospital espiritual y psicol\u00f3gico\u201d donde los participantes encuentran cursos, talleres, conferencias, retiros, seminarios, atenci\u00f3n individual o grupal, y otros espacios que facilitan la curaci\u00f3n de sus heridas, y permiten un encuentro m\u00e1s profundo con Jesucristo.<\/p>\n\n\n\n<p>Nuestro \u00e1mbito de acci\u00f3n es el cuerpo m\u00edstico de Jes\u00fas, estamos abiertos toda persona cat\u00f3lica, matrimonios, j\u00f3venes, comunidades religiosas, laicos o consagrados que deseen abrirse a un proceso de sanaci\u00f3n interior.<\/p>\n\n\n\n<p><\/p>\n","protected":false},"excerpt":{"rendered":"<p>La Misi\u00f3n de la Sociedad de Nuestra Se\u00f1ora de Guadalupe. La misi\u00f3n de la Sociedad de Nuestra Se\u00f1ora de Guadalupe es recibir, a trav\u00e9s de los diferentes Centros de oraci\u00f3n, a las personas que sufren una pena &hellip;<\/p>\n","protected":false},"author":1,"featured_media":14,"parent":0,"menu_order":0,"comment_status":"closed","ping_status":"closed","template":"","meta":{"footnotes":""},"class_list":["post-13","page","type-page","status-publish","has-post-thumbnail","hentry"],"_links":{"self":[{"href":"http:\/\/centrosoracionguadalupeint.com\/esp\/wp-json\/wp\/v2\/pages\/13","targetHints":{"allow":["GET"]}}],"collection":[{"href":"http:\/\/centrosoracionguadalupeint.com\/esp\/wp-json\/wp\/v2\/pages"}],"about":[{"href":"http:\/\/centrosoracionguadalupeint.com\/esp\/wp-json\/wp\/v2\/types\/page"}],"author":[{"embeddable":true,"href":"http:\/\/centrosoracionguadalupeint.com\/esp\/wp-json\/wp\/v2\/users\/1"}],"replies":[{"embeddable":true,"href":"http:\/\/centrosoracionguadalupeint.com\/esp\/wp-json\/wp\/v2\/comments?post=13"}],"version-history":[{"count":3,"href":"http:\/\/centrosoracionguadalupeint.com\/esp\/wp-json\/wp\/v2\/pages\/13\/revisions"}],"predecessor-version":[{"id":1012,"href":"http:\/\/centrosoracionguadalupeint.com\/esp\/wp-json\/wp\/v2\/pages\/13\/revisions\/1012"}],"wp:featuredmedia":[{"embeddable":true,"href":"http:\/\/centrosoracionguadalupeint.com\/esp\/wp-json\/wp\/v2\/media\/14"}],"wp:attachment":[{"href":"http:\/\/centrosoracionguadalupeint.com\/esp\/wp-json\/wp\/v2\/media?parent=13"}],"curies":[{"name":"wp","href":"https:\/\/api.w.org\/{rel}","templated":true}]}}