{"id":46,"date":"2026-04-24T22:42:00","date_gmt":"2026-04-24T22:42:00","guid":{"rendered":"https:\/\/centrosoracionguadalupeint.com\/esp\/?page_id=46"},"modified":"2026-04-25T03:28:30","modified_gmt":"2026-04-25T03:28:30","slug":"asambleas-anuales","status":"publish","type":"page","link":"http:\/\/centrosoracionguadalupeint.com\/esp\/asambleas-anuales\/","title":{"rendered":"Asambleas Anuales"},"content":{"rendered":"\n<h2 class=\"wp-block-heading\">Asambleas Anuales<\/h2>\n\n\n\n<p>Los Centros de Oraci\u00f3n se han reunido anualmente desde 1979. Estas reuniones anuales tienen por objeto buscar en oraci\u00f3n, gu\u00eda y direcci\u00f3n para continuar sirviendo a las personas que lo necesiten, como una Sociedad.<\/p>\n\n\n\n<p>En un principio, se reun\u00edan todos los centros de habla inglesa junto con Maria Esther Barnetche de M\u00e9xico hasta que el a\u00f1o 1998 se pudieron reunir todos mediante la labor de traducci\u00f3n simult\u00e1nea.<\/p>\n\n\n\n<hr class=\"wp-block-separator has-alpha-channel-opacity\"\/>\n\n\n\n<div class=\"wp-block-columns is-layout-flex wp-container-core-columns-is-layout-9d6595d7 wp-block-columns-is-layout-flex\">\n<div class=\"wp-block-column is-layout-flow wp-block-column-is-layout-flow\">\n<ul class=\"wp-block-list\">\n<li><a>Monterrey, Nuevo Le\u00f3n. M\u00e9xico, 2019.<\/a><\/li>\n\n\n\n<li><a>Ciudad de M\u00e9xico. M\u00e9xico, 2018.<\/a><\/li>\n\n\n\n<li><a>Quer\u00e9taro, Quer\u00e9taro. M\u00e9xico, 2017.<\/a><\/li>\n\n\n\n<li><a>San Antonio, Texas. EE. UU., 2016.<\/a><\/li>\n\n\n\n<li><a>Puebla, Puebla. M\u00e9xico, 2015.<\/a><\/li>\n\n\n\n<li><a>Guadalajara, Jalisco. M\u00e9xico, 2014.<\/a><\/li>\n\n\n\n<li><a>Chihuahua, Chihuahua. M\u00e9xico, 2013.<\/a><\/li>\n\n\n\n<li><a>Alajuela <a>Costa Rica, 2012.<\/a><\/a><\/li>\n\n\n\n<li><a>Barcelona. Espa\u00f1a, 2<\/a><a>011.<\/a><\/li>\n\n\n\n<li><a>Long Island, Nueva York. EE. UU., 2010.<\/a><\/li>\n\n\n\n<li><a>Quer\u00e9taro, Quer\u00e9taro. M\u00e9xico, 2009.<\/a><\/li>\n\n\n\n<li><a>Corpus Christi, Texas. EE. UU., 2008.<\/a><\/li>\n\n\n\n<li><a>Valle de Bravo. Estado de M\u00e9xico, 2007.<\/a><\/li>\n\n\n\n<li><a>Long Island, Nueva York. EE. UU., 2006.<\/a><\/li>\n<\/ul>\n<\/div>\n\n\n\n<div class=\"wp-block-column is-layout-flow wp-block-column-is-layout-flow\">\n<ul class=\"wp-block-list\">\n<li><a>Puebla, Puebla. M\u00e9xico, 2005.<\/a><\/li>\n\n\n\n<li><a>Austin, Texas. EE. UU., 2004.<\/a><\/li>\n\n\n\n<li><a>Chapala, Guadalajara. M\u00e9xico, 2003.<\/a><\/li>\n\n\n\n<li><a>Holy Spirit Convent, San Antonio, Texas, EE. UU., 1999.<\/a><\/li>\n\n\n\n<li><a>Albuquerque, Nuevo Mexico, EE. UU., 1995.<\/a><\/li>\n\n\n\n<li><a>Holy Spirit Convent, San Antonio, Texas, EE. UU., 1994.<\/a><\/li>\n\n\n\n<li><a>Holy Spirit Convent, San Antonio, Texas, EE. UU., 1993.<\/a><\/li>\n\n\n\n<li><a>Oaxtepec, Morelos, M\u00e9xico, 1992.<\/a><\/li>\n\n\n\n<li><a>Our Lady of Pillar, San Antonio, Texas, EE. UU., 1991.<\/a><\/li>\n\n\n\n<li><a>Our Lady of Pillar, San Antonio, Texas, EE. UU., 1990.<\/a><\/li>\n\n\n\n<li><a>Casa San Jos\u00e9, San Antonio, Texas, EE. UU., 1989.<\/a><\/li>\n\n\n\n<li><a>Casa San Jos\u00e9, San Antonio, Texas, EE. UU., 1988.<\/a><\/li>\n\n\n\n<li><a>Tucson, Arizona, EE. UU., 1987.<\/a><\/li>\n\n\n\n<li><a>OTucson, Arizona, EE. UU., 1986.<\/a><\/li>\n<\/ul>\n<\/div>\n<\/div>\n","protected":false},"excerpt":{"rendered":"<p>Asambleas Anuales Los Centros de Oraci\u00f3n se han reunido anualmente desde 1979. Estas reuniones anuales tienen por objeto buscar en oraci\u00f3n, gu\u00eda y direcci\u00f3n para continuar sirviendo a las personas que lo necesiten, como una Sociedad. En &hellip;<\/p>\n","protected":false},"author":1,"featured_media":14,"parent":0,"menu_order":0,"comment_status":"closed","ping_status":"closed","template":"","meta":{"footnotes":""},"class_list":["post-46","page","type-page","status-publish","has-post-thumbnail","hentry"],"_links":{"self":[{"href":"http:\/\/centrosoracionguadalupeint.com\/esp\/wp-json\/wp\/v2\/pages\/46","targetHints":{"allow":["GET"]}}],"collection":[{"href":"http:\/\/centrosoracionguadalupeint.com\/esp\/wp-json\/wp\/v2\/pages"}],"about":[{"href":"http:\/\/centrosoracionguadalupeint.com\/esp\/wp-json\/wp\/v2\/types\/page"}],"author":[{"embeddable":true,"href":"http:\/\/centrosoracionguadalupeint.com\/esp\/wp-json\/wp\/v2\/users\/1"}],"replies":[{"embeddable":true,"href":"http:\/\/centrosoracionguadalupeint.com\/esp\/wp-json\/wp\/v2\/comments?post=46"}],"version-history":[{"count":2,"href":"http:\/\/centrosoracionguadalupeint.com\/esp\/wp-json\/wp\/v2\/pages\/46\/revisions"}],"predecessor-version":[{"id":368,"href":"http:\/\/centrosoracionguadalupeint.com\/esp\/wp-json\/wp\/v2\/pages\/46\/revisions\/368"}],"wp:featuredmedia":[{"embeddable":true,"href":"http:\/\/centrosoracionguadalupeint.com\/esp\/wp-json\/wp\/v2\/media\/14"}],"wp:attachment":[{"href":"http:\/\/centrosoracionguadalupeint.com\/esp\/wp-json\/wp\/v2\/media?parent=46"}],"curies":[{"name":"wp","href":"https:\/\/api.w.org\/{rel}","templated":true}]}}